{"id":33,"date":"2016-07-20T13:26:33","date_gmt":"2016-07-20T13:26:33","guid":{"rendered":"http:\/\/www.headmade.ro\/?page_id=33"},"modified":"2024-07-18T15:26:48","modified_gmt":"2024-07-18T13:26:48","slug":"portofoliu","status":"publish","type":"page","link":"https:\/\/www.headmade.ro\/index.php\/ro\/portofoliu\/","title":{"rendered":"Portofoliu"},"content":{"rendered":"<h1>Portofoliu<\/a><\/p>\n<h2>Proiecte medicale<\/h2>\n<p><a href=\"http:\/\/www.headmade.ro\/index.php\/ro\/e3-policlinica-brodina-regina-maria\/\">REGINA MARIA &#8211; E3 POLICLINICA BRODINA<\/a> &#8211; str. Brodina, Bucure\u0219ti, 2017. Pediatrie, recompartimentarea \u0219i reamenajarea etajului 3 dintr-o cl\u0103dire existent\u0103. Documenta\u021bie pentru autoriza\u021bia de construire, proiect tehnic de execu\u021bie pentru amenajarea de interior, autoriza\u021bie de construire ob\u021binut\u0103. Lucr\u0103ri de execu\u021bie finalizate.<\/p>\n<p>REGINA MARIA \u2013 CLINICA PIPERA. Extindere \u0219i renovare \u2013 str. Dimitrie Pompeiu, Bucure\u0219ti, 2016. Documenta\u021bie pentru autoriza\u021bia de construire, proiect tehnic de execu\u021bie, autoriza\u021bie de construire ob\u021binut\u0103. Lucr\u0103ri de execu\u021bie finalizate.<\/p>\n<p><a href=\"http:\/\/www.headmade.ro\/index.php\/ro\/clinica-medicala-cu-bloc-operator\/\">CLINIC\u0102 MEDICAL\u0102 CU BLOC OPERATOR PENTRU MICI INTERVEN\u021aII<\/a> &#8211; str. Alexandrina, Bucure\u0219ti, 2015. P+1E. Documenta\u021bie pentru autoriza\u021bia de construire, proiect tehnic de execu\u021bie pentru amenajarea de interior, autoriza\u021bie de construire ob\u021binut\u0103. Lucr\u0103ri de execu\u021bie finalizate.<\/p>\n<p>REGINA MARIA \u2013 CLINICA VIP \u2013 str. Ion Ionescu de la Brad, Bucure\u0219ti, 2015. Renovare \u0219i restructurare func\u021bionala. Documenta\u021bie pentru autoriza\u021bia de construire, proiect tehnic de execu\u021bie, autoriza\u021bie de construire ob\u021binuta. Lucr\u0103ri de execu\u021bie finalizate.<\/p>\n<p>REGINA MARIA \u2013 CLINICA SI BIROURI ADMINISTRATIVE\u2013 str. Ion Ionescu de la Brad, Bucure\u0219ti, 2015. Renovare \u0219i restructurare func\u021bionala. Documenta\u021bie pentru autoriza\u021bia de construire, proiect tehnic de execu\u021bie, autoriza\u021bie de construire ob\u021binut\u0103. Lucr\u0103ri de execu\u021bie finalizate.<\/p>\n<p><a href=\"http:\/\/www.headmade.ro\/index.php\/ro\/imobilul-pentru-dezvoltarea-infrastructurii-de-cercetare-dezvoltare-a-societatii-centrul-de-diagnostic-si-tratament-provita\/\">CENTRUL DE DIAGNOSTIC SI TRATAMENT PROVITA<\/a> \u2013 str. Agricultori, Bucure\u0219ti, 2014. S+P+4. Documenta\u021bie pentru autoriza\u021bia de construire, proiect tehnic de execu\u021bie, autoriza\u021bie de construire ob\u021binut\u0103. Lucr\u0103ri de execu\u021bie finalizate.<\/p>\n<p><a href=\"http:\/\/www.headmade.ro\/index.php\/ro\/maternitatea-regina-maria\/\">WELLBORN \u2013 CLINICA FIV \u2013 str. Brodina<\/a>, 2013. Renovare \u0219i restructurare func\u021bional\u0103 pentru o noua specializare medical\u0103. S+P+3. Documenta\u021bie pentru autoriza\u021bia de construire, proiect tehnic de execu\u021bie, autoriza\u021bie de construire ob\u021binut\u0103. Lucr\u0103ri de execu\u021bie finalizate.<\/p>\n<p><a href=\"http:\/\/www.headmade.ro\/index.php\/ro\/portofoliu\/medicale\/\">Lista complet\u0103 a proiectelor medicale<\/a><\/p>\n<h2>Proiecte reziden\u021biale<\/h2>\n<p><a href=\"http:\/\/www.headmade.ro\/index.php\/ro\/imobil-de-locuinte-colective-in-strada-baicului\/\">IMOBIL DE LOCUIN\u021aE COLECTIVE IN STRADA BAICULUI. APARTAMENTE IN CL\u0102DIRE \u00ceNALTA<\/a> &#8211; Str. Baicului, Bucure\u0219ti, 2010, 2S+P+15. Plan Urbanistic de Detaliu, documenta\u021bie pentru autoriza\u021bia de construire, proiect tehnic de execu\u021bie, autoriza\u021bie de construire ob\u021binut\u0103.<\/p>\n<p><a href=\"http:\/\/www.headmade.ro\/index.php\/ro\/imobil-de-locuinte-colective-in-strada-liviu-rebreanu\/\">IMOBIL DE LOCUIN\u021aE COLECTIVE. APARTAMENTE \u0218I SPA\u021aII COMERCIALE<\/a> &#8211; Str. Liviu Rebreanu, Bucure\u0219ti, 2009, 3S+P+M+11. Plan Urbanistic de Detaliu, documenta\u021bie pentru autoriza\u021bia de construire, proiect tehnic de execu\u021bie, autoriza\u021bie de construire ob\u021binut\u0103.<\/p>\n<p>IMOBIL DE APARTAMENTE \u0218I SPA\u021aIU COMERCIAL &#8211; Str. Ghe. Marinescu, Bucure\u0219ti, 2009, P+2+M. Documenta\u021bie pentru autoriza\u021bia de construire, proiect tehnic de execu\u021bie, autoriza\u021bie de construire ob\u021binuta. Lucr\u0103ri de execu\u021bie finalizate.<\/p>\n<p><a href=\"http:\/\/www.headmade.ro\/index.php\/ro\/ansablu-rezidential-bega-timisoara\/\">ANSAMBLUL REZIDENTIAL BEGA. APARTAMENTE, SPA\u021aII COMERCIALE, BIROURI<\/a> &#8211; Str. Iuliu Grozescu, Timi\u0219oara, 2009, 2S+P+4\/6\/8. Plan Urbanistic Zonal, concept, documenta\u021bie pentru autoriza\u021bia de construire.<\/p>\n<p>IMOBIL DE APARTAMENTE &#8211; Str. D-na Chiajna, Bucure\u0219ti, 2008, D+P+3\/4. Plan Urbanistic de Detaliu, documenta\u021bie pentru autoriza\u021bia de demolare, documenta\u021bie pentru autoriza\u021bia de construire, proiect tehnic de execu\u021bie, autoriza\u021bie de demolare \u0219i construire ob\u021binute.<\/p>\n<p><a href=\"http:\/\/www.headmade.ro\/index.php\/ro\/ansamblu-de-locuinte-colective\/\">ANSAMBLU DE LOCUINTE COLECTIVE<\/a> &#8211; Str. Teodosie Rudeanu, Bucure\u0219ti, 2013, 2S+P+4\/5+7\/8. Studiu de fezabilitate, anteproiect.<\/p>\n<p><a href=\"http:\/\/www.headmade.ro\/index.php\/ro\/casa-pe-teren-ingust\/\">CAS\u0102 PE TEREN \u00ceNGUST<\/a> \u2013 str. Balotului, Bucure\u0219ti, 2015. P+2+Terasa circulabil\u0103. Documenta\u021bie pentru autoriza\u021bia de construire, proiect tehnic de execu\u021bie, autoriza\u021bie de construire ob\u021binut\u0103. Lucr\u0103ri de execu\u021bie finalizate.<\/p>\n<p>CASA CU PISCIN\u0102 \u2013 Afuma\u021bi, 2016, P+1. Documenta\u021bie pentru autoriza\u021bia de construire, proiect tehnic de execu\u021bie, autoriza\u021bie de construire ob\u021binut\u0103. Lucr\u0103ri de execu\u021bie finalizate.<\/p>\n<p><a href=\"http:\/\/www.headmade.ro\/index.php\/ro\/locuinte-cuplate-cu-acoperis-terasa\/\">LOCUIN\u021aE CUPLATE CU ACOPERI\u0218 TERAS\u0102<\/a> \u2013 str. Ca\u0219in, Bucure\u0219ti, 2015. P+2+Terasa circulabil\u0103. Documenta\u021bie pentru autoriza\u021bia de construire, proiect tehnic de execu\u021bie, autoriza\u021bie de construire ob\u021binut\u0103. Lucr\u0103ri de execu\u021bie finalizate.<\/p>\n<p>LOCUIN\u021aE CUPLATE CU 3 APARTAMENTE \u2013 Domne\u0219ti, 2015. P+1. Documenta\u021bie pentru autoriza\u021bia de construire, proiect tehnic de execu\u021bie, autoriza\u021bie de construire ob\u021binut\u0103. Lucr\u0103ri de execu\u021bie finalizate.<\/p>\n<p>CASA DE VARA SI PISCINA, 2013. P. Documenta\u021bie pentru autoriza\u021bia de construire, proiect tehnic de execu\u021bie, autoriza\u021bie de construire ob\u021binut\u0103. Lucr\u0103ri de execu\u021bie \u00eencheiate.<\/p>\n<p><a href=\"http:\/\/www.headmade.ro\/index.php\/ro\/portofoliu\/rezidentiale\/\">Lista complet\u0103 a proiectelor reziden\u021biale<\/a><\/p>\n<h2>Urbanism<\/h2>\n<p>PUD LIVIU REBREANU \u2013 Bucure\u0219ti, 2008. Arie teren:  1500 mp. Regim de \u00een\u0103l\u021bime: 3S+P+Mez+11. Func\u021biuni reziden\u021biale, comerciale.<\/p>\n<p>PUD BAICULUI \u2013 Bucure\u0219ti, (2007), 2012. Arie teren:  18.000 mp. Regim de \u00een\u0103l\u021bime: 3S+P+15-17, 3S+P+13. Func\u021biuni reziden\u021biale, comerciale, birouri.<\/p>\n<p>PUD ENERGITICIENILOR \u2013 Bucure\u0219ti, 2010. Arie teren:  44.000 mp. Func\u021biuni reziden\u021biale, comerciale, birouri.<\/p>\n<p>PUZ BUCOV \u2013 Prahova, 2009. Arie teren:  47.000 mp. Planuri de zonificare \u0219i reglement\u0103ri pentru func\u021biuni reziden\u021biale, comer\u021b.<\/p>\n<p>PUZ SUCEAVA \u2013 Suceava, 2009. Arie teren:  250.000 mp. Studiu pentru conversia unei zone industriale adiacente unui r\u00e2u.<\/p>\n<p>PUZ LACUL MORII \u2013 Bucure\u0219ti, 2009. Arie teren:  300.000 mp. Studiu pentru o zon\u0103 cu func\u021biuni mixte: unit\u0103\u021bi reziden\u021biale, birouri, comer\u021b, spa\u021bii publice \u0219i promenad\u0103 \u00een lungul lacului.<\/p>\n<p>PUZ CLAMIR \u2013 Timi\u0219oara, 2008. Arie teren:  13.800 mp. Func\u021biuni mixte \u00eentr-o fosta arie industrial\u0103: unit\u0103\u021bi reziden\u021biale, birouri, comer\u021b, spatii publice \u0219i promenad\u0103 \u00een lungul r\u00e2ului Bega.<\/p>\n<p><a href=\"http:\/\/www.headmade.ro\/index.php\/ro\/portofoliu\/urbanism\/\">Lista complet\u0103 a proiectelor de urbanism<\/a><\/p>\n<h2>Proiecte \u00een arii protejate<\/h2>\n<p><a href=\"http:\/\/www.headmade.ro\/index.php\/ro\/castelul-stirbei-darmanesti\/\">APARTHOTEL. RENOVAREA SI CONVERSIA CASTELULUI \u0218TIRBEY<\/a> \u2013 D\u0103rm\u0103ne\u0219ti. S+P+2+M. Restaurare, renovare \u0219i conversie in boutique hotel. Conversia mansardei \u00een spa\u021biu pentru hotel. Documenta\u021bie pentru autoriza\u021bia de construire, proiect tehnic de execu\u021bie, autoriza\u021bie de construire ob\u021binut\u0103. Monument istoric. Lucr\u0103ri de execu\u021bie finalizate.<\/p>\n<p><a href=\"http:\/\/www.headmade.ro\/index.php\/ro\/ansamblul-metropolis-center\/\">ANSAMBLUL METROPOLIS CENTER<\/a> \u2013 str. Iancu de Hunedoara, Bucure\u0219ti, 2010. 2S+P+7, S+P+2+M. Ansamblu cu func\u021biune mixt\u0103: comer\u021b, birouri, hotel. Integrarea fa\u021badei unei cl\u0103diri industriale monument istoric existente. Plan Urbanistic Zonal, documenta\u021bie pentru autoriza\u021bia de construire, proiect tehnic de execu\u021bie, autoriza\u021bie de construire ob\u021binut\u0103. Lucr\u0103ri de execu\u021bie finalizate. Arie protejat\u0103. Pentru +arhitectura.<\/p>\n<p>CASA CU MANSARDA SI TERASA CIRCULABILA \u2013 str. Av. Gheorghe St\u00e2lpeanu, Bucure\u0219ti, 2004. S+P+1+M. Documenta\u021bie pentru autoriza\u021bia de construire, proiect tehnic de execu\u021bie, autoriza\u021bie de construire ob\u021binut\u0103. Lucr\u0103ri de execu\u021bie \u00eencheiate. Arie protejat\u0103.<\/p>\n<p>RE\u0218EDIN\u021aA\/BIROU BUZESCU \u2013 str. Porumbaru, Bucure\u0219ti, 2002. P+1. Extindere a unei cl\u0103diri existente.  Documenta\u021bie pentru autoriza\u021bia de demolare, documenta\u021bie pentru autoriza\u021bia de construire, proiect tehnic de execu\u021bie, autoriza\u021bie de construire \u0219i demolare ob\u021binute. Lucr\u0103ri de execu\u021bie \u00eencheiate. Pentru B2 International. Arie protejata.<\/p>\n<p>RE\u0218EDIN\u021aA KEUPKIN \u2013 str. Andrei Mure\u0219anu, 2002. Extindere a etajului 2. Documenta\u021bie pentru autoriza\u021bia de demolare, documenta\u021bie pentru autoriza\u021bia de construire, proiect tehnic de execu\u021bie, autoriza\u021bie de construire \u0219i demolare ob\u021binute. Lucr\u0103ri de execu\u021bie \u00eencheiate. Pentru B2 International. Arie protejat\u0103.<\/p>\n<p><a href=\"http:\/\/www.headmade.ro\/index.php\/ro\/portofoliu\/proiecte-in-arii-protejate\/\">Lista complet\u0103 a proiectelor \u00een arii protejate<\/a><\/p>\n<h2>Design si amenajari interioare<\/h2>\n<p><a href=\"http:\/\/www.headmade.ro\/index.php\/ro\/clinica-medicala-cu-bloc-operator\/\">CLINIC\u0102 MEDICAL\u0102 CU BLOC OPERATOR PENTRU MICI INTERVEN\u021aII<\/a> &#8211; str. Alexandrina, Bucure\u0219ti, 2015. P+1E. Documenta\u021bie pentru autoriza\u021bia de construire, proiect tehnic de execu\u021bie pentru amenajarea de interior, autoriza\u021bie de construire ob\u021binut\u0103. Lucr\u0103ri de execu\u021bie finalizate.<\/p>\n<p>APARTAMENT DUPLEX DOGARILOR \u2013 Str. Dogarilor, Bucure\u0219ti, 2013. Proiect tehnic de execu\u021bie pentru amenajarea de interior, ilustrare 3D, design mobilier. Lucr\u0103ri de execu\u021bie finalizate.<\/p>\n<p>BIROURI EXIMBANK \u2013 METROPOLIS CENTER \u2013 Str. Iancu de Hunedoara, Bucure\u0219ti, 2010. Proiect tehnic de execu\u021bie pentru amenajarea de interior, ilustrare 3D, design mobilier. Lucr\u0103ri de execu\u021bie finalizate.<\/p>\n<p>SHOWROOM PIRITEX \u2013 Calea Vitan, Bucure\u0219ti, 2010. Proiect tehnic de execu\u021bie pentru amenajarea de interior, ilustrare 3D, design mobilier. Lucr\u0103ri de execu\u021bie finalizate.<\/p>\n<p>CERTASIG \u2013 str. Nicolae Caranfil, Bucure\u0219ti, 2009. S+P+5. Extindere pe zona terasei cu spatii pentru conferin\u021be, design interior \u0219i restructurare func\u021bionala. Documenta\u021bie pentru autoriza\u021bia de construire, proiect tehnic de execu\u021bie, autoriza\u021bie de construire ob\u021binut\u0103. Lucr\u0103ri de execu\u021bie finalizate.<\/p>\n<p>ANGELO HOTEL \u2013 Aeroportul Otopeni, Ilfov. Renovare, reabilitare \u0219i design interior pentru promovarea la 4 stele \u0219i un confort acustic crescut. Documenta\u021bie pentru autoriza\u021bia de construire, proiect tehnic de execu\u021bie, autorizatie de construire ob\u021binut\u0103. Lucr\u0103ri de execu\u021bie finalizate.<\/p>\n<p>CMU \u2013 SEMA PARK \u2013 CLINICA \u2013 Splaiul Independentei, Bucure\u0219ti, 2008. Documenta\u021bie pentru autoriza\u021bia de construire, proiect tehnic de execu\u021bie, autoriza\u021bie de construire ob\u021binut\u0103. Lucr\u0103ri de execu\u021bie finalizate.<\/p>\n<p>MAGAZIN LA STRADA \u2013 str. Batistei, Bucure\u0219ti, 2007. Remodelare, design de concept, ilustrare 3D, amenajare interioar\u0103 \u0219i proiect de mobilier. Documenta\u021bie pentru autoriza\u021bia de construire, proiect tehnic de execu\u021bie, autoriza\u021bie de construire ob\u021binut\u0103. Lucr\u0103ri de execu\u021bie \u00eencheiate. Arie protejat\u0103.<\/p>\n<p>BIROURI IMMOBILIAR GROUP \u2013 B-dul Dimitrie Cantemir, Bucure\u0219ti, 2006. P+Mezanin. Proiect tehnic de execu\u021bie pentru amenajarea de interior, ilustrare 3D, design mobilier. Lucr\u0103ri de execu\u021bie finalizate.<\/p>\n<p>CMU KIDS OPERA CENTER, CLINICA PEDIATRICA \u2013 str. Costache Negri, Bucure\u0219ti, 2006. Documenta\u021bie pentru autoriza\u021bia de construire, proiect tehnic de execu\u021bie pentru amenajarea de interior, autoriza\u021bie de construire ob\u021binut\u0103. Lucr\u0103ri de execu\u021bie finalizate.<\/p>\n<p><a href=\"http:\/\/www.headmade.ro\/index.php\/ro\/portofoliu\/design-interior\/\">Lista complet\u0103 a proiectelor de design \u0219i amenaj\u0103ri interioare<\/a><\/p>\n<h2>Birouri, comer\u021b \u0219i turism<\/h2>\n<p><a href=\"http:\/\/www.headmade.ro\/index.php\/ro\/cladirea-de-birouri-pipera-bussines-tower-2\/\">CL\u0102DIREA DE BIROURI  &#8220;PIPERA BUSINESS TOWER&#8221;<\/a> \u2013 str. Dimitrie Pompeiu, Bucure\u0219ti, 2007. 2S+P+13E+ET. Cl\u0103dire de birouri cu spa\u021biu pentru conferin\u021be la ultimul etaj.  Plan Urbanistic de Detaliu, documenta\u021bie pentru autoriza\u021bia de construire, proiect tehnic de execu\u021bie, autoriza\u021bie de construire ob\u021binuta. Lucr\u0103ri de execu\u021bie finalizate.<\/p>\n<p>CERTASIG \u2013 str. Nicolae Caranfil, Bucure\u0219ti, 2009. S+P+5. Extindere pe zona terasei cu spa\u021bii pentru conferin\u021be, design interior \u0219i restructurare func\u021bionala. Documenta\u021bie pentru autoriza\u021bia de construire, proiect tehnic de execu\u021bie, autoriza\u021bie de construire ob\u021binuta. Lucr\u0103ri de execu\u021bie finalizate.<\/p>\n<p>LABORMED PHARMA \u2013 str. Theodor Pallady, Bucure\u0219ti, 2009. P+2. Extindere pe vertical\u0103 a unei cl\u0103diri existente cu spatii pentru birouri \u0219i laboratoare. Documenta\u021bie pentru autoriza\u021bia de construire, proiect tehnic de execu\u021bie, autoriza\u021bie de construire ob\u021binuta. Lucr\u0103ri de execu\u021bie finalizate.<\/p>\n<p><a href=\"http:\/\/www.headmade.ro\/index.php\/ro\/ansamblul-metropolis-center\/\">ANSAMBLUL METROPOLIS CENTER<\/a> \u2013 str. Iancu de Hunedoara, Bucure\u0219ti, 2010. 2S+P+7, S+P+2+M. Ansamblu cu func\u021biune mixt\u0103: comer\u021b, birouri, hotel. Integrarea fa\u021badei unei cl\u0103diri industriale monument istoric existente. Plan Urbanistic Zonal, documenta\u021bie pentru autoriza\u021bia de construire, proiect tehnic de execu\u021bie, autoriza\u021bie de construire ob\u021binuta. Lucr\u0103ri de execu\u021bie finalizate. Arie protejata. Pentru +arhitectura.<\/p>\n<p>SPA\u021aIU COMERCIAL DOLDORA \u2013 str. Pucheni, Bucure\u0219ti, 2010. P+1. Zona comercial\u0103, birouri administrative, parking. Plan Urbanistic Zonal, documenta\u021bie pentru autoriza\u021bia de construire, proiect tehnic de execu\u021bie, autoriza\u021bie de construire ob\u021binuta. Lucr\u0103ri de execu\u021bie finalizate.<\/p>\n<p><a href=\"http:\/\/www.headmade.ro\/index.php\/ro\/castelul-stirbei-darmanesti\/\">APARTHOTEL. RENOVAREA SI CONVERSIA CASTELULUI \u0218TIRBEY<\/a> \u2013 D\u0103rm\u0103ne\u0219ti. S+P+2+M. Restaurare, renovare \u0219i conversie \u00een boutique hotel. Conversia mansardei \u00een spa\u021biu pentru hotel. Documenta\u021bie pentru autoriza\u021bia de construire, proiect tehnic de execu\u021bie, autoriza\u021bie de construire ob\u021binuta. Monument istoric. Lucr\u0103ri de execu\u021bie finalizate.<\/p>\n<p>ANGELO HOTEL \u2013 Aeroportul Otopeni, Ilfov. Renovare, reabilitare \u0219i design interior pentru promovarea la 4 stele \u0219i un confort acustic crescut. Documenta\u021bie pentru autoriza\u021bia de construire, proiect tehnic de execu\u021bie, autoriza\u021bie de construire ob\u021binuta. Lucr\u0103ri de execu\u021bie finalizate.<\/p>\n<p><a href=\"http:\/\/www.headmade.ro\/index.php\/ro\/portofoliu\/birouri-comert-si-turism\/\">Lista complet\u0103 a proiectelor cu func\u021biuni de comer\u021b \u0219i turism<\/a><\/p>\n<h2>Industriale<\/h2>\n<p><a href=\"http:\/\/www.headmade.ro\/index.php\/ro\/construire-crame-pentru-procesare-si-imbuteliere-vin-din-struguri-adamclisi\/\">CRAM\u0102 PENTRU PROCESAREA \u0218I \u00ceMBUTELIEREA VINULUI<\/a> \u2013 Adamclisi, Constan\u021ba, 2012 &#8211; 2017. P cu supant\u0103, acoperis verde. Documenta\u021bie pentru autoriza\u021bia de construire, proiect tehnic de execu\u021bie, autoriza\u021bie de construire ob\u021binut\u0103.<\/p>\n<p>DEPOZIT DE COLECTARE, CONDI\u021aIONARE SI DISTRIBU\u021aIE PRODUSE AGRICOLE \u2013 Alexandria, 2013, P. Plan Urbanistic Zonal, documenta\u021bie pentru autoriza\u021bia de construire, proiect tehnic de execu\u021bie, autoriza\u021bie de construire ob\u021binut\u0103.<\/p>\n<p>JOHNSON CONTROL \u2013 Ploie\u0219ti, 2008. Documenta\u021bie pentru autoriza\u021bia de construire, proiect tehnic de execu\u021bie, autoriza\u021bie de construire ob\u021binut\u0103. Pentru B2 International.<\/p>\n<p><a href=\"http:\/\/www.headmade.ro\/index.php\/ro\/portofoliu\/industriale\/\">Lista complet\u0103 a proiectelor industriale<\/a><\/p>\n<h3><a href=\"http:\/\/www.headmade.ro\/index.php\/ro\/portofoliu\/lista-completa\/\">Lista complet\u0103 a proiectelor<\/a><\/h3>\n","protected":false},"excerpt":{"rendered":"<p>Portofoliu Proiecte medicale REGINA MARIA &#8211; E3 POLICLINICA BRODINA &#8211; &hellip;<\/p>\n","protected":false},"author":1,"featured_media":0,"parent":0,"menu_order":0,"comment_status":"closed","ping_status":"closed","template":"","meta":[],"_links":{"self":[{"href":"https:\/\/www.headmade.ro\/index.php\/wp-json\/wp\/v2\/pages\/33"}],"collection":[{"href":"https:\/\/www.headmade.ro\/index.php\/wp-json\/wp\/v2\/pages"}],"about":[{"href":"https:\/\/www.headmade.ro\/index.php\/wp-json\/wp\/v2\/types\/page"}],"author":[{"embeddable":true,"href":"https:\/\/www.headmade.ro\/index.php\/wp-json\/wp\/v2\/users\/1"}],"replies":[{"embeddable":true,"href":"https:\/\/www.headmade.ro\/index.php\/wp-json\/wp\/v2\/comments?post=33"}],"version-history":[{"count":3,"href":"https:\/\/www.headmade.ro\/index.php\/wp-json\/wp\/v2\/pages\/33\/revisions"}],"predecessor-version":[{"id":2413,"href":"https:\/\/www.headmade.ro\/index.php\/wp-json\/wp\/v2\/pages\/33\/revisions\/2413"}],"wp:attachment":[{"href":"https:\/\/www.headmade.ro\/index.php\/wp-json\/wp\/v2\/media?parent=33"}],"curies":[{"name":"wp","href":"https:\/\/api.w.org\/{rel}","templated":true}]}}