{"id":40,"date":"2016-07-20T13:28:47","date_gmt":"2016-07-20T13:28:47","guid":{"rendered":"http:\/\/www.headmade.ro\/?page_id=40"},"modified":"2025-01-14T13:08:39","modified_gmt":"2025-01-14T11:08:39","slug":"medicale","status":"publish","type":"page","link":"https:\/\/www.headmade.ro\/index.php\/ro\/portofoliu\/medicale\/","title":{"rendered":"Medicale"},"content":{"rendered":"<h2>Medicale<\/h2>\n<p><a href=\"http:\/\/www.headmade.ro\/index.php\/ro\/centru-medical-de-excelenta-imagistica-radioterapie-si-tratament-oncologic-jud-mures\/\">CENTRU MEDICAL DE EXCELEN\u021a\u0102 \u2013 IMAGISTIC\u0102, RADIOTERAPIE \u0218I TRATAMENT ONCOLOGIC<\/a>, str. Petofi \u0218andor, Loc. Sangeorgiul de Mure\u0219, Jud. Mure\u0219, 2020-2024. S+P+3. Documenta\u021bie pentru autoriza\u021bia de construire, proiect tehnic, design interior. Lucr\u0103ri de execu\u021bie finalizate.<\/p>\n<p><a href=\"http:\/\/www.headmade.ro\/index.php\/ro\/incubator-tehnologic-si-de-afaceri-livezeni-judetul-mures\/\">UNIVERSITATEA DE MEDICIN\u0102, FARMACIE, \u015eTIIN\u0162E \u015eI TEHNOLOGIE &#8216;GEORGE EMIL PALADE&#8217; DIN T\u00c2RGU MURE\u015e \u2013 INCUBATOR TEHNOLOGIC MEDICAL \u0218I DE AFACERI<\/a>, Livezeni, Jude\u021bul Mure\u0219, 2020.  P+3, construc\u021bie nou propus\u0103 care \u00eembin\u0103 func\u021biuni de afaceri, univeristare \u0219i medicale. Spa\u021bii pentru bloc operator, ATI, departament complex de imagistic\u0103 (inclusiv angiografie), laborator de analize, FIV \u0219i primiri urgen\u021be. Proiectare de arhitectur\u0103, instala\u021bii \u0219i structur\u0103 la etapa SF.<\/p>\n<p>UNIVERSITATEA DE MEDICIN\u0102, FARMACIE, \u015eTIIN\u0162E \u015eI TEHNOLOGIE \u201cGEORGE EMIL PALADE\u201d DIN T\u00c2RGU MURE\u015e \u2013 SPITAL UNIVERSITAR, jude\u021bul Mure\u0219, 2020. S+P+4. Transformarea, extinderea \u0219i adaptarea unor cl\u0103diri existente \u00een spa\u021bii cu func\u021biune medical\u0103 pentru ambulator, spitalizare, dializ\u0103, administra\u021bie. Proiectare de arhitectur\u0103, instala\u021bii \u0219i structur\u0103 la etapa DALI.<\/p>\n<p>SPA\u021aII PENTRU RECUPERARE \u0218I TRATAMENT POST COVID \u2013 Bucure\u0219ti, 2020. Proiect pilot pentru construire rapid\u0103, modular\u0103. 2 tipologii, concept.<\/p>\n<p>CLINIC\u0102 MEDICAL\u0102 CU BLOC OPERATOR PENTRU CHIRURGIE PLASTIC\u0102 \u0218I RECONSTRUCTIV\u0102, str. Oituz, Curtea de Arge\u0219, 2020. S+P+3. Proiectare de arhitectur\u0103, instala\u021bii \u0219i structur\u0103 la etapa DTAC.<\/p>\n<p>KINETIC \u2013 KINETOTERAPIE MEDICAL\u0102 \u2013 str. Gala\u021bi, Cluj Napoca. 2020. P+1. Proiect de arhitectur\u0103 \u0219i design interior pentru amenajarea unui spa\u021biu open plan, \u00eentr-o cl\u0103dire nou\u0103 de locuin\u021be. Spa\u021biul con\u021bine \u0219i sala de kinetoterapie pediatric\u0103. Documenta\u021bie pentru autoriza\u021bia de construire, proiect tehnic, design interior; autoriza\u021bie de construire ob\u021binut\u0103. Lucr\u0103ri de execu\u021bie finalizate.<\/p>\n<p>REGINA MARIA &#8211; CLINIC\u0102 MEDICAL\u0102 CONTINENTAL \u2013 Sibiu. 2020. Proiect de arhitectur\u0103, instala\u021bii \u0219i design interior pentru amenajarea unui spa\u021biu open plan, \u00eentr-o cl\u0103dire existent\u0103. Documenta\u021bie pentru autoriza\u021bia de construire, proiect tehnic, design interior; autoriza\u021bie de construire ob\u021binut\u0103. Lucr\u0103ri de execu\u021bie finalizate.<\/p>\n<p>SPITAL PREMIERE &#8211; Timi\u0219oara. 2020. Proiect de design interior pentru amenajarea unui spa\u021biu \u00eentr-o cl\u0103dire existent\u0103 P+3. Proiect tehnic de execu\u021bie. Lucr\u0103ri finalizate.<\/p>\n<p>CENTRU MEDICAL \u0218I LABORATOR CENTRAL DE ANALIZE \u2013 str. Teodor Aman, Bac\u0103u, 2020, P+1.  Proiect de arhitectur\u0103, instala\u021bii \u0219i design interior pentru amenajarea clinicii \u00eentr-o cl\u0103dire nou\u0103 de birouri, \u00eentr-un spa\u021biu open plan. Documenta\u021bie pentru autoriza\u021bia de construire, proiect tehnic de execu\u021bie pentru compartiment\u0103ri, instala\u0163ii, design interior; autoriza\u021bie de construire ob\u021binut\u0103. Lucr\u0103ri de execu\u021bie finalizate.<\/p>\n<p>SPITAL REGINA MARIA \u2013 str. Brodina, Bucure\u0219ti . E3,E4,E5. Proiect de amenajare pentru etajele de spitalizare, etaj VIP. Proiect tehnic \u0219i de execu\u021bie. Lucr\u0103ri de execu\u021bie finalizate pentru etaj VIP.<\/p>\n<p>CLINICA PEDIATRIC\u0102 &#8220;THE LIGHT&#8221; \u2013 b-dul Iuliu Maniu, Bucure\u0219ti. 2019. P+1. Proiect de arhitectur\u0103, instala\u021bii \u0219i design interior pentru un spa\u021biu open plan, \u00eentr-o cl\u0103dire nou\u0103 de birouri. Proiect tehnic \u0219i de execu\u021bie. Lucr\u0103ri de execu\u021bie finalizate.<\/p>\n<p>KINETIC \u2013 KINETOTERAPIE MEDICAL\u0102 \u0218I PEDIATRIC\u0102 \u2013 b-dul Iuliu Maniu, Bucure\u0219ti. 2019. E2. Proiect de arhitectur\u0103, instala\u021bii \u0219i design interior pentru un spa\u021biu open plan \u00eentr-o cl\u0103dire nou\u0103 de birouri. Proiect tehnic \u0219i de execu\u021bie. Lucr\u0103ri de execu\u021bie finalizate.<\/p>\n<p>REGINA MARIA &#8211; BUSSINES GARDEN \u2013 Calea Plevnei, Bucure\u0219ti. 2019. P. Documenta\u021bie pentru autoriza\u021bia de construire, proiect tehnic de execu\u021bie pentru arhitectur\u0103, instala\u0163ii, design interior. Lucr\u0103ri de execu\u021bie finalizate.<\/p>\n<p>REGINA MARIA &#8211; CLINIC\u0102 MEDICAL\u0102, Bd. I.C. Br\u0103tianu, Pite\u0219ti. 2019. E1. Documenta\u021bie pentru autoriza\u021bia de construire, proiect tehnic de execu\u021bie pentru arhitectur\u0103, instala\u0163ii, design interior; autoriza\u021bie de construire ob\u021binut\u0103. Lucr\u0103ri de execu\u021bie finalizate.<\/p>\n<p>STEM CENTER \u2013 LABORATOR \u0218I DEPOZITARE DE CELULE STEM &#8211; b-dul Ion Ionescu de la Brad, Bucure\u0219ti. P+1. 2019. Documenta\u021bie pentru autoriza\u021bia de construire, proiect tehnic de execu\u021bie pentru arhitectur\u0103, instala\u0163ii, strcutur\u0103; autoriza\u021bie de construire ob\u021binut\u0103. Lucr\u0103ri de execu\u021bie finalizate.<\/p>\n<p>CENTRUL MEDICAL GEORGE ENESCU &#8211; str. George Enescu 13, Bucure\u0219ti. 2019. D+P+2E+M. Proiect de consolidare, refunc\u021bionalizare \u0219i amenajare a unei cl\u0103diri din zona protejat\u0103. Proiect de arhitectur\u0103, structur\u0103, instala\u021bii. Documenta\u021bia pentru autoriza\u021bia de construire, proiect tehnic \u0219i de execu\u021bie. Autoriza\u021bie ob\u021binut\u0103. Lucr\u0103ri de execu\u021bie finalizate.<\/p>\n<p>REGINA MARIA \u2013 POLICLINICA COLENTINA\u00a0\u2013 str. Doamna Ghica 135, Bucure\u0219ti, 2018. Reamenajare parterului \u015fi etajului 1 \u00eentr-o cl\u0103dire existent\u0103, proiect tehnic de execu\u021bie pentru amenajarea de interior. Lucr\u0103ri de execu\u021bie finalizate. <\/p>\n<p>REGINA MARIA \u2013 CRAIOVA 2\u00a0\u2013 str. Alexandru Ioan Cuza 14, Craiova, 2018. Pediatrie, compartimentarea \u0219i amenajarea etajului 1 &#8211; open plan &#8211; \u00eentr-o cl\u0103dire existent\u0103. Documenta\u021bie pentru autoriza\u021bia de construire, proiect tehnic de execu\u021bie pentru compartiment\u0103ri, instala\u0163ii, amenajarea de interior, autoriza\u021bie de construire ob\u021binut\u0103. Lucr\u0103ri de execu\u021bie finalizate. <\/p>\n<p><a href=\"http:\/\/www.headmade.ro\/index.php\/ro\/clinica-regina-maria-brasov\/\">REGINA MARIA \u2013 BRASOV 2<\/a>\u00a0\u2013 str. Mihail Kog\u0103lniceanu 6, Bra\u0219ov, 2018. Policlinic\u0103, compartimentarea \u0219i amenajarea parterului si a etajului \u00eentr-o cl\u0103dire existent\u0103. Documenta\u021bie pentru autoriza\u021bia de construire, proiect tehnic de execu\u021bie pentru compartiment\u0103ri, demol\u0103ri, instala\u0163ii, amenajarea de interior, autoriza\u021bie de construire ob\u021binut\u0103. Lucr\u0103ri de execu\u021bie \u00een curs de finalizare. <\/p>\n<p>REGINA MARIA \u2013 TIMPURI NOI \u2013 str. Calea V\u0103c\u0103resti 189, Bucure\u0219ti, 2018. Policlinic\u0103, compartimentarea \u0219i amenajarea parterului \u015fi a etajului \u00eentr-o cl\u0103dire existent\u0103. Concept design interior, proiect tehnic de execu\u021bie pentru  amenajarea de interior. Lucr\u0103ri \u00een curs de demarare.<\/p>\n<p>REGINA MARIA KINETOTERAPIE &#8211; IA\u0218I, str. Grigore Ureche 3, Ia\u0219i, 2018. Clinic\u0103 de kinetoterapie cu sal\u0103 de sport, compartimentarea \u0219i amenajarea etajului 1 &#8211; open plan &#8211; \u00eentr-o cl\u0103dire existent\u0103. Documenta\u021bie pentru autoriza\u021bia de construire, proiect tehnic de execu\u021bie pentru compartiment\u0103ri, instala\u0163ii, amenajarea de interior. Autoriza\u021bie de construire ob\u021binut\u0103. Lucr\u0103ri de execu\u021bie finalizate. <\/p>\n<p>REGINA MARIA KINETOTERAPIE, str. Nicolae Caramfil, Bucure\u0219ti, 2018. Clinic\u0103 de kinetoterapie cu sal\u0103 de sport \u0219i sal\u0103 de kinetoterapie-pediatrie, concept de design interior. <\/p>\n<p><a href=\"http:\/\/www.headmade.ro\/index.php\/ro\/e3-policlinica-brodina-regina-maria\/\">REGINA MARIA &#8211; E3 POLICLINICA BRODINA<\/a> &#8211; str. Brodina, Bucure\u0219ti, 2017. Pediatrie, recompartimentarea \u0219i reamenajarea etajului 3 dintr-o cl\u0103dire existent\u0103. Documenta\u021bie pentru autoriza\u021bia de construire, proiect tehnic de execu\u021bie pentru amenajarea de interior, autoriza\u021bie de construire ob\u021binut\u0103. Lucr\u0103ri de execu\u021bie finalizate.<\/p>\n<p>REGINA MARIA \u2013 CLINICA PIPERA. Extindere \u0219i renovare \u2013 str. Dimitrie Pompeiu, Bucure\u0219ti, 2016. Documenta\u021bie pentru autoriza\u021bia de construire, proiect tehnic de execu\u021bie, autoriza\u021bie de construire ob\u021binut\u0103. Lucr\u0103ri de execu\u021bie finalizate.<\/p>\n<p><a href=\"http:\/\/www.headmade.ro\/index.php\/ro\/clinica-medicala-cu-bloc-operator\/\">CLINIC\u0102 MEDICAL\u0102 CU BLOC OPERATOR PENTRU MICI INTERVEN\u021aII<\/a> &#8211; str. Alexandrina, Bucure\u0219ti, 2015. P+1E. Documenta\u021bie pentru autoriza\u021bia de construire, proiect tehnic de execu\u021bie pentru amenajarea de interior, autoriza\u021bie de construire ob\u021binut\u0103. Lucr\u0103ri de execu\u021bie finalizate.<\/p>\n<p>REGINA MARIA \u2013 CLINICA VIP \u2013 str. Ion Ionescu de la Brad, Bucure\u0219ti, 2015. Renovare \u0219i restructurare func\u021bionala. Documenta\u021bie pentru autoriza\u021bia de construire, proiect tehnic de execu\u021bie, autoriza\u021bie de construire ob\u021binuta. Lucr\u0103ri de execu\u021bie finalizate.<\/p>\n<p>REGINA MARIA \u2013 CLINICA SI BIROURI ADMINISTRATIVE\u2013 str. Ion Ionescu de la Brad, Bucure\u0219ti, 2015. Renovare \u0219i restructurare func\u021bionala. Documenta\u021bie pentru autoriza\u021bia de construire, proiect tehnic de execu\u021bie, autoriza\u021bie de construire ob\u021binut\u0103. Lucr\u0103ri de execu\u021bie finalizate.<\/p>\n<p><a href=\"http:\/\/www.headmade.ro\/index.php\/ro\/imobilul-pentru-dezvoltarea-infrastructurii-de-cercetare-dezvoltare-a-societatii-centrul-de-diagnostic-si-tratament-provita\/\">CENTRUL DE DIAGNOSTIC SI TRATAMENT PROVITA<\/a> \u2013 str. Agricultori, Bucure\u0219ti, 2014. S+P+4. Documenta\u021bie pentru autoriza\u021bia de construire, proiect tehnic de execu\u021bie, autoriza\u021bie de construire ob\u021binut\u0103. Lucr\u0103ri de execu\u021bie finalizate.<\/p>\n<p><a href=\"http:\/\/www.headmade.ro\/index.php\/ro\/maternitatea-regina-maria\/\">WELLBORN \u2013 CLINICA FIV \u2013 str. Brodina<\/a>, 2013. Renovare \u0219i restructurare func\u021bional\u0103 pentru o noua specializare medical\u0103. S+P+3. Documenta\u021bie pentru autoriza\u021bia de construire, proiect tehnic de execu\u021bie, autoriza\u021bie de construire ob\u021binut\u0103. Lucr\u0103ri de execu\u021bie finalizate.<\/p>\n<p>REGINA MARIA \u2013 DOROBAN\u021aI. CLINICA CU PEDIATRIE &#8211; B-dul Doroban\u021bi, Bucure\u0219ti, 2010.<\/p>\n<p>REGINA MARIA \u2013 LUJERULUI. CLINICA CU PEDIATRIE SI MEDICINA GENERALA \u2013 B-dul Iuliu Maniu, Bucure\u0219ti, 2009. Documenta\u021bie pentru autoriza\u021bia de construire, proiect tehnic de execu\u021bie, autoriza\u021bie de construire ob\u021binut\u0103. Lucr\u0103ri de execu\u021bie finalizate.<\/p>\n<p><a href=\"http:\/\/www.headmade.ro\/index.php\/ro\/maternitatea-regina-maria\/\">REGINA MARIA \u2013 str. BRODINA<\/a>. Maternitate \u0219i spital ginecologie, Bucure\u0219ti, 2008. Reabilitarea unei structuri de rezistent\u0103 f\u0103r\u0103 \u00eenchideri \u0219i compartiment\u0103ri. Documenta\u021bie pentru autoriza\u021bia de construire, proiect tehnic de execu\u021bie, autoriza\u021bie de construire ob\u021binut\u0103. Lucr\u0103ri de execu\u021bie finalizate.<\/p>\n<p>CMU \u2013 SEMA PARK &#8211; CLINICA \u2013 Splaiul Independen\u021bei, Bucure\u0219ti, 2008. Documenta\u021bie pentru autoriza\u021bia de construire, proiect tehnic de execu\u021bie, autoriza\u021bie de construire ob\u021binut\u0103. Lucr\u0103ri de execu\u021bie finalizate.<\/p>\n<p>CMU KIDS OPERA CENTER, CLINICA PEDIATRICA \u2013 str. Costache Negri, Bucure\u0219ti, 2006. Documenta\u021bie pentru autoriza\u021bia de construire, proiect tehnic de execu\u021bie pentru amenajarea de interior, autoriza\u021bie de construire ob\u021binut\u0103. Lucr\u0103ri de execu\u021bie finalizate.<\/p>\n<p><a href=\"http:\/\/www.headmade.ro\/index.php\/ro\/casa-de-batrani-la-moara-vlasiei\/\">CASA DE BATRANI CU UNITATEA MEDICALA PE MALUL LACULUI \u2013 Moara Vl\u0103siei<\/a>, 2012. S+P+2. Concept, anteproiect, studiu de fezabilitate, documenta\u021bie pentru autoriza\u021bia de construire.<\/p>\n<p>REGINA MARIA \u2013 CLINICA MEDICALA CU MIC BLOC OPERATOR \u2013 str. Clucerului, Bucure\u0219ti, 2011. Proiect tehnic de execu\u021bie \u0219i documenta\u021bie pentru autorizarea PSI.<\/p>\n","protected":false},"excerpt":{"rendered":"<p>Medicale CENTRU MEDICAL DE EXCELEN\u021a\u0102 \u2013 IMAGISTIC\u0102, RADIOTERAPIE \u0218I TRATAMENT &hellip;<\/p>\n","protected":false},"author":1,"featured_media":0,"parent":33,"menu_order":0,"comment_status":"closed","ping_status":"closed","template":"","meta":[],"_links":{"self":[{"href":"https:\/\/www.headmade.ro\/index.php\/wp-json\/wp\/v2\/pages\/40"}],"collection":[{"href":"https:\/\/www.headmade.ro\/index.php\/wp-json\/wp\/v2\/pages"}],"about":[{"href":"https:\/\/www.headmade.ro\/index.php\/wp-json\/wp\/v2\/types\/page"}],"author":[{"embeddable":true,"href":"https:\/\/www.headmade.ro\/index.php\/wp-json\/wp\/v2\/users\/1"}],"replies":[{"embeddable":true,"href":"https:\/\/www.headmade.ro\/index.php\/wp-json\/wp\/v2\/comments?post=40"}],"version-history":[{"count":3,"href":"https:\/\/www.headmade.ro\/index.php\/wp-json\/wp\/v2\/pages\/40\/revisions"}],"predecessor-version":[{"id":2421,"href":"https:\/\/www.headmade.ro\/index.php\/wp-json\/wp\/v2\/pages\/40\/revisions\/2421"}],"up":[{"embeddable":true,"href":"https:\/\/www.headmade.ro\/index.php\/wp-json\/wp\/v2\/pages\/33"}],"wp:attachment":[{"href":"https:\/\/www.headmade.ro\/index.php\/wp-json\/wp\/v2\/media?parent=40"}],"curies":[{"name":"wp","href":"https:\/\/api.w.org\/{rel}","templated":true}]}}