{"id":46,"date":"2016-07-20T13:30:18","date_gmt":"2016-07-20T13:30:18","guid":{"rendered":"http:\/\/www.headmade.ro\/?page_id=46"},"modified":"2021-02-03T14:25:26","modified_gmt":"2021-02-03T12:25:26","slug":"proiecte-in-arii-protejate","status":"publish","type":"page","link":"https:\/\/www.headmade.ro\/index.php\/ro\/portofoliu\/proiecte-in-arii-protejate\/","title":{"rendered":"Proiecte \u00een arii protejate"},"content":{"rendered":"<h2>Proiecte \u00een arii protejate<\/h2>\n<p>CENTRUL MEDICAL GEORGE ENESCU &#8211; str. George Enescu 13, Bucure\u0219ti. 2019. D+P+2E+M. Proiect de consolidare, refunc\u021bionalizare \u0219i amenajare a unei cl\u0103diri din zona protejat\u0103. Proiect de arhitectur\u0103, structur\u0103, instala\u021bii. Documenta\u021bia pentru autoriza\u021bia de construire, proiect tehnic \u0219i de execu\u021bie. Autoriza\u021bie ob\u021binut\u0103. Lucr\u0103ri de execu\u021bie finalizate.<\/p>\n<p><a href=\"http:\/\/www.headmade.ro\/index.php\/ro\/castelul-stirbei-darmanesti\/\">APARTHOTEL. RENOVAREA SI CONVERSIA CASTELULUI \u0218TIRBEY<\/a> \u2013 D\u0103rm\u0103ne\u0219ti. S+P+2+M. Restaurare, renovare \u0219i conversie in boutique hotel. Conversia mansardei \u00een spa\u021biu pentru hotel. Documenta\u021bie pentru autoriza\u021bia de construire, proiect tehnic de execu\u021bie, autoriza\u021bie de construire ob\u021binut\u0103. Monument istoric. Lucr\u0103ri de execu\u021bie finalizate.<\/p>\n<p><a href=\"http:\/\/www.headmade.ro\/index.php\/ro\/ansamblul-metropolis-center\/\">ANSAMBLUL METROPOLIS CENTER<\/a> \u2013 str. Iancu de Hunedoara, Bucure\u0219ti, 2010. 2S+P+7, S+P+2+M. Ansamblu cu func\u021biune mixt\u0103: comer\u021b, birouri, hotel. Integrarea fa\u021badei unei cl\u0103diri industriale monument istoric existente. Plan Urbanistic Zonal, documenta\u021bie pentru autoriza\u021bia de construire, proiect tehnic de execu\u021bie, autoriza\u021bie de construire ob\u021binut\u0103. Lucr\u0103ri de execu\u021bie finalizate. Arie protejat\u0103. Pentru +arhitectura.<\/p>\n<p>CASA CU MANSARDA SI TERASA CIRCULABILA \u2013 str. Av. Gheorghe St\u00e2lpeanu, Bucure\u0219ti, 2004. S+P+1+M. Documenta\u021bie pentru autoriza\u021bia de construire, proiect tehnic de execu\u021bie, autoriza\u021bie de construire ob\u021binut\u0103. Lucr\u0103ri de execu\u021bie \u00eencheiate. Arie protejat\u0103.<\/p>\n<p>RE\u0218EDIN\u021aA\/BIROU BUZESCU \u2013 str. Porumbaru, Bucure\u0219ti, 2002. P+1. Extindere a unei cl\u0103diri existente.  Documenta\u021bie pentru autoriza\u021bia de demolare, documenta\u021bie pentru autoriza\u021bia de construire, proiect tehnic de execu\u021bie, autoriza\u021bie de construire \u0219i demolare ob\u021binute. Lucr\u0103ri de execu\u021bie \u00eencheiate. Pentru B2 International. Arie protejata.<\/p>\n<p>RE\u0218EDIN\u021aA KEUPKIN \u2013 str. Andrei Mure\u0219anu, 2002. Extindere a etajului 2. Documenta\u021bie pentru autoriza\u021bia de demolare, documenta\u021bie pentru autoriza\u021bia de construire, proiect tehnic de execu\u021bie, autoriza\u021bie de construire \u0219i demolare ob\u021binute. Lucr\u0103ri de execu\u021bie \u00eencheiate. Pentru B2 International. Arie protejat\u0103.<\/p>\n<p>HOTEL 3 STELE \u2013 D\u0103rm\u0103ne\u0219ti, 2015. Studiu de fezabilitate, ilustrare 3D. Arie protejat\u0103.<\/p>\n<p>CENTRU CONFERINTE \u2013 D\u0103rm\u0103ne\u0219ti, 2015. Studiu de fezabilitate, ilustrare 3D. Arie protejat\u0103.<\/p>\n<p>MAGAZIN LA STRADA \u2013 str. Bati\u0219tei, Bucure\u0219ti, 2007. Remodelare, design de concept, ilustrare 3D, amenajare interioar\u0103 \u0219i proiect de mobilier. Documenta\u021bie pentru autoriza\u021bia de construire, proiect tehnic de execu\u021bie, autoriza\u021bie de construire ob\u021binut\u0103. Lucr\u0103ri de execu\u021bie \u00eencheiate. Arie protejat\u0103.<\/p>\n<p>CENTRAL BOUTIQUE HOTEL \u2013 str. Nicolae Iorga, Bucure\u0219ti, 2006. Restaurarea, renovarea \u0219i conversia \u00een boutique hotel a doua cl\u0103diri adiacente. Conversia mansardei \u00een spa\u021biu hotelier. Design de concept, ilustrare 3D, studiu de fezabilitate. Arie protejat\u0103.<\/p>\n<p>PUZ PORUMBARU \u2013 Bucure\u0219ti, 2008. Arie teren: 412 mp. Re\u0219edin\u021b\u0103 cu standard \u00eenalt, S+P+3\/4. Arie protejat\u0103.<\/p>\n<p>PUZ APARTHOTEL \u2013 Aleea Modrogan, Bucure\u0219ti, 2002. Aparthotel S+P+5\/6. Pentru B2 International. Arie protejat\u0103.<\/p>\n<p>PUZ C-TIN MILLE \u2013 Str. C-tin Mille, Bucure\u0219ti, 2002. Cl\u0103dire de birouri, 2S+P+5\/7. Pentru B2 International. Arie protejata.<\/p>\n","protected":false},"excerpt":{"rendered":"<p>Proiecte \u00een arii protejate CENTRUL MEDICAL GEORGE ENESCU &#8211; str. &hellip;<\/p>\n","protected":false},"author":1,"featured_media":0,"parent":33,"menu_order":0,"comment_status":"closed","ping_status":"closed","template":"","meta":[],"_links":{"self":[{"href":"https:\/\/www.headmade.ro\/index.php\/wp-json\/wp\/v2\/pages\/46"}],"collection":[{"href":"https:\/\/www.headmade.ro\/index.php\/wp-json\/wp\/v2\/pages"}],"about":[{"href":"https:\/\/www.headmade.ro\/index.php\/wp-json\/wp\/v2\/types\/page"}],"author":[{"embeddable":true,"href":"https:\/\/www.headmade.ro\/index.php\/wp-json\/wp\/v2\/users\/1"}],"replies":[{"embeddable":true,"href":"https:\/\/www.headmade.ro\/index.php\/wp-json\/wp\/v2\/comments?post=46"}],"version-history":[{"count":3,"href":"https:\/\/www.headmade.ro\/index.php\/wp-json\/wp\/v2\/pages\/46\/revisions"}],"predecessor-version":[{"id":2370,"href":"https:\/\/www.headmade.ro\/index.php\/wp-json\/wp\/v2\/pages\/46\/revisions\/2370"}],"up":[{"embeddable":true,"href":"https:\/\/www.headmade.ro\/index.php\/wp-json\/wp\/v2\/pages\/33"}],"wp:attachment":[{"href":"https:\/\/www.headmade.ro\/index.php\/wp-json\/wp\/v2\/media?parent=46"}],"curies":[{"name":"wp","href":"https:\/\/api.w.org\/{rel}","templated":true}]}}