{"id":48,"date":"2016-07-20T13:30:46","date_gmt":"2016-07-20T13:30:46","guid":{"rendered":"http:\/\/www.headmade.ro\/?page_id=48"},"modified":"2018-06-28T13:50:40","modified_gmt":"2018-06-28T11:50:40","slug":"rezidentiale","status":"publish","type":"page","link":"https:\/\/www.headmade.ro\/index.php\/ro\/portofoliu\/rezidentiale\/","title":{"rendered":"Reziden\u021biale"},"content":{"rendered":"<h2>Reziden\u021biale<\/h2>\n<h3>Locuin\u0163e colective<\/h3>\n<p><a href=\"http:\/\/www.headmade.ro\/index.php\/ro\/imobil-de-locuinte-colective-in-strada-baicului\/\">IMOBIL DE LOCUIN\u021aE COLECTIVE IN STRADA BAICULUI. APARTAMENTE IN CL\u0102DIRE \u00ceNALTA<\/a> &#8211; Str. Baicului, Bucure\u0219ti, 2010, 2S+P+15. Plan Urbanistic de Detaliu, documenta\u021bie pentru autoriza\u021bia de construire, proiect tehnic de execu\u021bie, autoriza\u021bie de construire ob\u021binut\u0103.<\/p>\n<p><a href=\"http:\/\/www.headmade.ro\/index.php\/ro\/imobil-de-locuinte-colective-in-strada-liviu-rebreanu\/\">IMOBIL DE LOCUIN\u021aE COLECTIVE. APARTAMENTE \u0218I SPA\u021aII COMERCIALE<\/a> &#8211; Str. Liviu Rebreanu, Bucure\u0219ti, 2009, 3S+P+M+11. Plan Urbanistic de Detaliu, documenta\u021bie pentru autoriza\u021bia de construire, proiect tehnic de execu\u021bie, autoriza\u021bie de construire ob\u021binut\u0103.<\/p>\n<p>IMOBIL DE APARTAMENTE \u0218I SPA\u021aIU COMERCIAL &#8211; Str. Ghe. Marinescu, Bucure\u0219ti, 2009, P+2+M. Documenta\u021bie pentru autoriza\u021bia de construire, proiect tehnic de execu\u021bie, autoriza\u021bie de construire ob\u021binuta. Lucr\u0103ri de execu\u021bie finalizate.<\/p>\n<p><a href=\"http:\/\/www.headmade.ro\/index.php\/ro\/ansablu-rezidential-bega-timisoara\/\">ANSAMBLUL REZIDENTIAL BEGA. APARTAMENTE, SPA\u021aII COMERCIALE, BIROURI<\/a> &#8211; Str. Iuliu Grozescu, Timi\u0219oara, 2009, 2S+P+4\/6\/8. Plan Urbanistic Zonal, concept, documenta\u021bie pentru autoriza\u021bia de construire.<\/p>\n<p>IMOBIL DE APARTAMENTE &#8211; Str. D-na Chiajna, Bucure\u0219ti, 2008, D+P+3\/4. Plan Urbanistic de Detaliu, documenta\u021bie pentru autoriza\u021bia de demolare, documenta\u021bie pentru autoriza\u021bia de construire, proiect tehnic de execu\u021bie, autoriza\u021bie de demolare \u0219i construire ob\u021binute.<\/p>\n<p>ANSAMBLUL REZIDEN\u021aIAL D\u00c2MBOVI\u021aA &#8211; Aleea Lacul Morii, Bucure\u0219ti, 2015, 2S+P+9\/11. Studiu de fezabilitate, anteproiect. <\/p>\n<p><a href=\"http:\/\/www.headmade.ro\/index.php\/ro\/ansamblu-de-locuinte-colective\/\">ANSAMBLU DE LOCUINTE COLECTIVE<\/a> &#8211; Str. Teodosie Rudeanu, Bucure\u0219ti, 2013, 2S+P+4\/5+7\/8. Studiu de fezabilitate, anteproiect.<\/p>\n<p>MIC IMOBIL DE APARTAMENTE &#8211; Str. Feroviarilor, Bucure\u0219ti, 2013, D+PI+3. Studiu de fezabilitate, anteproiect.<\/p>\n<p>COMPLEX REZIDEN\u021aIAL CU REGIM DE \u00ceN\u0102L\u021aIME MARE &#8211; Str. V\u00e2ls\u0103ne\u0219ti, Bucure\u0219ti, 2013, 2S+P+9. Plan Urbanistic de Detaliu, studiu de fezabilitate, anteproiect.<\/p>\n<p>COMPLEX REZIDEN\u021aIAL \u0218I SPA\u021aII COMERCIALE &#8216;DOLDORA&#8217; &#8211; Str. Pucheni, Bucure\u0219ti, 2012, P+4\/8. Plan Urbanistic de Detaliu, studiu de fezabilitate, anteproiect.<\/p>\n<p>APARTAMENTE CU PRE\u021a ACCESIBIL<\/a> &#8211; Str. Valea Doftanei, Bucure\u0219ti, 2011-2013, S+P+6. Plan Urbanistic de Detaliu, studiu de fezabilitate, anteproiect.<\/p>\n<h3>Locuin\u0163e<\/h3>\n<p><a href=\"http:\/\/www.headmade.ro\/index.php\/ro\/casa-pe-teren-ingust\/\">CAS\u0102 PE TEREN \u00ceNGUST<\/a> \u2013 str. Balotului, Bucure\u0219ti, 2015. P+2+Terasa circulabil\u0103. Documenta\u021bie pentru autoriza\u021bia de construire, proiect tehnic de execu\u021bie, autoriza\u021bie de construire ob\u021binut\u0103. Lucr\u0103ri de execu\u021bie finalizate.<\/p>\n<p>CASA CU PISCIN\u0102 \u2013 Afuma\u021bi, 2016, P+1. Documenta\u021bie pentru autoriza\u021bia de construire, proiect tehnic de execu\u021bie, autoriza\u021bie de construire ob\u021binut\u0103. Lucr\u0103ri de execu\u021bie finalizate.<\/p>\n<p><a href=\"http:\/\/www.headmade.ro\/index.php\/ro\/locuinte-cuplate-cu-acoperis-terasa\/\">LOCUIN\u021aE CUPLATE CU ACOPERI\u0218 TERAS\u0102<\/a> \u2013 str. Ca\u0219in, Bucure\u0219ti, 2015. P+2+Terasa circulabil\u0103. Documenta\u021bie pentru autoriza\u021bia de construire, proiect tehnic de execu\u021bie, autoriza\u021bie de construire ob\u021binut\u0103. Lucr\u0103ri de execu\u021bie finalizate.<\/p>\n<p>LOCUIN\u021aE CUPLATE CU 3 APARTAMENTE \u2013 Domne\u0219ti, 2015. P+1. Documenta\u021bie pentru autoriza\u021bia de construire, proiect tehnic de execu\u021bie, autoriza\u021bie de construire ob\u021binut\u0103. Lucr\u0103ri de execu\u021bie finalizate.<\/p>\n<p>CASA DE VARA SI PISCINA, 2013. P. Documenta\u021bie pentru autoriza\u021bia de construire, proiect tehnic de execu\u021bie, autoriza\u021bie de construire ob\u021binut\u0103. Lucr\u0103ri de execu\u021bie \u00eencheiate.<\/p>\n<p>ARHITECTUR\u0102 VERNACULAR\u0102. Renov\u0103ri \u0219i extinderi in 12 loca\u021bii \u2013 jud. Alba, 2012. S+P, S+P+Mansarda. Documenta\u021bie pentru autoriza\u021bia de construire, proiect tehnic de execu\u021bie, autoriza\u021bie de construire ob\u021binut\u0103.<\/p>\n<p>CAS\u0102 CU STRUCTUR\u0102 DIN LEMN \u2013 jud. Ilfov, 2011. P. Documenta\u021bie pentru autoriza\u021bia de construire, proiect tehnic de execu\u021bie, autoriza\u021bie de construire ob\u021binut\u0103.<\/p>\n<p><a href=\"http:\/\/www.headmade.ro\/index.php\/ro\/locuinta-la-balotesti\/\">CASA L \u2013 Balote\u0219ti<\/a> \u2013 Balote\u0219ti, 2008. P+M. Documenta\u021bie pentru autoriza\u021bia de construire, proiect tehnic de execu\u021bie, autoriza\u021bie de construire ob\u021binut\u0103. Lucr\u0103ri de execu\u021bie \u00eencheiate.<\/p>\n<p>TREI CASE CU STRUCTURA DIN LEMN \u2013 Balote\u0219ti, 2007. P+M. Documenta\u021bie pentru autoriza\u021bia de construire, proiect tehnic de execu\u021bie, autoriza\u021bie de construire ob\u021binut\u0103. Lucr\u0103ri de execu\u021bie \u00eencheiate.<\/p>\n<p>10 CASE DE VACAN\u021a\u0102 PE TEREN \u00ceN PANT\u0102 \u2013 Azuga, 2006. S+P+M. Plan Urbanistic de Detaliu, documenta\u021bie pentru autoriza\u021bia de construire, proiect tehnic de execu\u021bie, autoriza\u021bie de construire ob\u021binut\u0103. Lucr\u0103ri de execu\u021bie \u00eencheiate.<\/p>\n<p>CAS\u0102 DE VACAN\u021a\u0102 \u2013 Azuga, 2006. P+1+M. Plan Urbanistic de Detaliu, documenta\u021bie pentru autoriza\u021bia de construire, proiect tehnic de execu\u021bie, autoriza\u021bie de construire ob\u021binut\u0103. Lucr\u0103ri de execu\u021bie \u00eencheiate.<\/p>\n<p>EXTINDERE LA O CAS\u0102 EXISTENT\u0102 \u2013 str. Abrud, Bucure\u0219ti, 2007. P+1. Documenta\u021bie pentru autoriza\u021bia de demolare, documenta\u021bie pentru autoriza\u021bia de construire, proiect tehnic de execu\u021bie, autoriza\u021bie de construire \u0219i demolare ob\u021binute. Lucr\u0103ri de execu\u021bie \u00eencheiate.<\/p>\n<p>CAS\u0102 CU TERAS\u0102 CU VEDERE LA P\u0102DURE \u2013 Sos. Bucure\u0219ti \u2013 Gooiest, Bucure\u0219ti, 2007. P+2. Documenta\u021bie pentru autoriza\u021bia de construire, proiect tehnic de execu\u021bie, autoriza\u021bie de construire ob\u021binut\u0103. Lucr\u0103ri de execu\u021bie \u00eencheiate.<\/p>\n<p>CAS\u0102 CU MANSARD\u0102 \u0218I TERAS\u0102 CIRCULABIL\u0102 \u2013 str. Av. Gheorghe St\u00e2lpeanu, Bucure\u0219ti, 2004. S+P+1+M. Documenta\u021bie pentru autoriza\u021bia de construire, proiect tehnic de execu\u021bie, autoriza\u021bie de construire ob\u021binut\u0103. Lucr\u0103ri de execu\u021bie \u00eencheiate. Arie protejat\u0103.<\/p>\n<p>CAS\u0102 PENTRU O FAMILIE MIC\u0102 \u2013 Mogo\u0219oaia, 2006. Documenta\u021bie pentru autoriza\u021bia de construire, proiect tehnic de execu\u021bie, autoriza\u021bie de construire ob\u021binut\u0103. Lucr\u0103ri de execu\u021bie \u00eencheiate.<\/p>\n<p>CASA BECK \u2013 Str. Marin Calciu, Bucure\u0219ti, 2005. Documenta\u021bie pentru autoriza\u021bia de construire, autoriza\u021bie de construire ob\u021binut\u0103.<\/p>\n<p>CASA ZAVATE \u2013 Ilfov, Bucure\u0219ti, 2003. Documenta\u021bie pentru autoriza\u021bia de construire, proiect tehnic de execu\u021bie, autoriza\u021bie de construire ob\u021binut\u0103. Lucr\u0103ri de execu\u021bie \u00eencheiate.<\/p>\n<p>RE\u0218EDIN\u021aA\/BIROU BUZESCU \u2013 str. Porumbaru, Bucure\u0219ti, 2002. P+1. Extindere a unei cl\u0103diri existente.  Documenta\u021bie pentru autoriza\u021bia de demolare, documenta\u021bie pentru autoriza\u021bia de construire, proiect tehnic de execu\u021bie, autoriza\u021bie de construire \u0219i demolare ob\u021binute. Lucr\u0103ri de execu\u021bie \u00eencheiate. Pentru B2 International. Arie protejat\u0103.<\/p>\n<p>RE\u0218EDIN\u021aA KEUPKIN \u2013 str. Andrei Mure\u0219anu, 2002. Extindere a etajului 2. Documenta\u021bie pentru autoriza\u021bia de demolare, documenta\u021bie pentru autoriza\u021bia de construire, proiect tehnic de execu\u021bie, autoriza\u021bie de construire \u0219i demolare ob\u021binute. Lucr\u0103ri de execu\u021bie \u00eencheiate. Pentru B2 International. Arie protejat\u0103.<\/p>\n","protected":false},"excerpt":{"rendered":"<p>Reziden\u021biale Locuin\u0163e colective IMOBIL DE LOCUIN\u021aE COLECTIVE IN STRADA BAICULUI. &hellip;<\/p>\n","protected":false},"author":1,"featured_media":0,"parent":33,"menu_order":0,"comment_status":"closed","ping_status":"closed","template":"","meta":[],"_links":{"self":[{"href":"https:\/\/www.headmade.ro\/index.php\/wp-json\/wp\/v2\/pages\/48"}],"collection":[{"href":"https:\/\/www.headmade.ro\/index.php\/wp-json\/wp\/v2\/pages"}],"about":[{"href":"https:\/\/www.headmade.ro\/index.php\/wp-json\/wp\/v2\/types\/page"}],"author":[{"embeddable":true,"href":"https:\/\/www.headmade.ro\/index.php\/wp-json\/wp\/v2\/users\/1"}],"replies":[{"embeddable":true,"href":"https:\/\/www.headmade.ro\/index.php\/wp-json\/wp\/v2\/comments?post=48"}],"version-history":[{"count":3,"href":"https:\/\/www.headmade.ro\/index.php\/wp-json\/wp\/v2\/pages\/48\/revisions"}],"predecessor-version":[{"id":2061,"href":"https:\/\/www.headmade.ro\/index.php\/wp-json\/wp\/v2\/pages\/48\/revisions\/2061"}],"up":[{"embeddable":true,"href":"https:\/\/www.headmade.ro\/index.php\/wp-json\/wp\/v2\/pages\/33"}],"wp:attachment":[{"href":"https:\/\/www.headmade.ro\/index.php\/wp-json\/wp\/v2\/media?parent=48"}],"curies":[{"name":"wp","href":"https:\/\/api.w.org\/{rel}","templated":true}]}}