{"id":50,"date":"2016-07-20T13:31:13","date_gmt":"2016-07-20T13:31:13","guid":{"rendered":"http:\/\/www.headmade.ro\/?page_id=50"},"modified":"2018-06-28T13:52:07","modified_gmt":"2018-06-28T11:52:07","slug":"urbanism","status":"publish","type":"page","link":"https:\/\/www.headmade.ro\/index.php\/ro\/portofoliu\/urbanism\/","title":{"rendered":"Urbanism"},"content":{"rendered":"<h2>Urbanism<\/h2>\n<p>PUD LIVIU REBREANU \u2013 Bucure\u0219ti, 2008. Arie teren:  1500 mp. Regim de \u00een\u0103l\u021bime: 3S+P+Mez+11. Func\u021biuni reziden\u021biale, comerciale.<\/p>\n<p>PUD BAICULUI \u2013 Bucure\u0219ti, (2007), 2012. Arie teren:  18.000 mp. Regim de \u00een\u0103l\u021bime: 3S+P+15-17, 3S+P+13. Func\u021biuni reziden\u021biale, comerciale, birouri.<\/p>\n<p>PUD ENERGITICIENILOR \u2013 Bucure\u0219ti, 2010. Arie teren:  44.000 mp. Func\u021biuni reziden\u021biale, comerciale, birouri.<\/p>\n<p>PUZ BUCOV \u2013 Prahova, 2009. Arie teren:  47.000 mp. Planuri de zonificare \u0219i reglement\u0103ri pentru func\u021biuni reziden\u021biale, comer\u021b.<\/p>\n<p>PUZ SUCEAVA \u2013 Suceava, 2009. Arie teren:  250.000 mp. Studiu pentru conversia unei zone industriale adiacente unui r\u00e2u.<\/p>\n<p>PUZ LACUL MORII \u2013 Bucure\u0219ti, 2009. Arie teren:  300.000 mp. Studiu pentru o zon\u0103 cu func\u021biuni mixte: unit\u0103\u021bi reziden\u021biale, birouri, comer\u021b, spa\u021bii publice \u0219i promenad\u0103 \u00een lungul lacului.<\/p>\n<p>PUZ CLAMIR \u2013 Timi\u0219oara, 2008. Arie teren:  13.800 mp. Func\u021biuni mixte \u00eentr-o fosta arie industrial\u0103: unit\u0103\u021bi reziden\u021biale, birouri, comer\u021b, spatii publice \u0219i promenad\u0103 \u00een lungul r\u00e2ului Bega.<\/p>\n<p>ARIA PIETONALA BEGA \u2013 Timi\u0219oara, 2008. Studiul pentru un pietonal in lungul r\u00e2ului Bega.<\/p>\n<p>PUD VALEA DOFTANEI \u2013 Bucure\u0219ti, 2008. Arie teren:  6800 mp. Func\u021biuni reziden\u021biale, 2S+P+5E.<\/p>\n<p>PUD SPLAIUL INDEPENDEN\u021aEI \u2013 Bucure\u0219ti, 2008. Arie teren:  18000 mp. Re\u0219edin\u021be pentru studen\u021bi, func\u021biuni reziden\u021biale, spatii publice.<\/p>\n<p>PUZ PORUMBARU \u2013 Bucure\u0219ti, 2008. Arie teren: 412 mp. Re\u0219edin\u021ba cu standard \u00eenalt, S+P+3\/4E. Arie protejat\u0103.<\/p>\n<p>PUD D-NA CHIAJNA \u2013 Bucure\u0219ti, 2007. Arie teren:  215 mp. Func\u021biuni reziden\u021biale, D+P+3\/4E.<\/p>\n<p>PUZ METROPOLIS CENTER \u2013 Bucure\u0219ti, 2007. Arie teren:  7000 mp . Func\u021biuni mixte: comer\u021b, birouri, hotel. 2S+P+7E. Integrarea fa\u021badei unei cl\u0103diri industriale monument istoric existente. Arie protejat\u0103. Pentru +arhitectura.<\/p>\n<p>PUZ REPUBLICII \u2013 Azuga, 2006. Arie teren:  9300 mp. Planuri de zonificare \u0219i reglement\u0103ri pentru drum de acces \u0219i 10 case de vacan\u021b\u0103 pe loturi individuale, pe teren \u00een pant\u0103.<\/p>\n<p>PUZ APARTHOTEL \u2013 Aleea Modrogan, Bucure\u0219ti, 2002. Aparthotel S+P+5\/6E. Pentru B2 International. Arie protejat\u0103.<\/p>\n<p>PUZ C-TIN MILLE \u2013 Str. C-tin Mille, Bucure\u0219ti, 2002. Cl\u0103dire de birouri, 2S+P+5\/7E. Pentru B2 International. Arie protejat\u0103.<\/p>\n","protected":false},"excerpt":{"rendered":"<p>Urbanism PUD LIVIU REBREANU \u2013 Bucure\u0219ti, 2008. Arie teren: 1500 &hellip;<\/p>\n","protected":false},"author":1,"featured_media":0,"parent":33,"menu_order":0,"comment_status":"closed","ping_status":"closed","template":"","meta":[],"_links":{"self":[{"href":"https:\/\/www.headmade.ro\/index.php\/wp-json\/wp\/v2\/pages\/50"}],"collection":[{"href":"https:\/\/www.headmade.ro\/index.php\/wp-json\/wp\/v2\/pages"}],"about":[{"href":"https:\/\/www.headmade.ro\/index.php\/wp-json\/wp\/v2\/types\/page"}],"author":[{"embeddable":true,"href":"https:\/\/www.headmade.ro\/index.php\/wp-json\/wp\/v2\/users\/1"}],"replies":[{"embeddable":true,"href":"https:\/\/www.headmade.ro\/index.php\/wp-json\/wp\/v2\/comments?post=50"}],"version-history":[{"count":4,"href":"https:\/\/www.headmade.ro\/index.php\/wp-json\/wp\/v2\/pages\/50\/revisions"}],"predecessor-version":[{"id":2062,"href":"https:\/\/www.headmade.ro\/index.php\/wp-json\/wp\/v2\/pages\/50\/revisions\/2062"}],"up":[{"embeddable":true,"href":"https:\/\/www.headmade.ro\/index.php\/wp-json\/wp\/v2\/pages\/33"}],"wp:attachment":[{"href":"https:\/\/www.headmade.ro\/index.php\/wp-json\/wp\/v2\/media?parent=50"}],"curies":[{"name":"wp","href":"https:\/\/api.w.org\/{rel}","templated":true}]}}